{"id":1882,"date":"2026-02-12T11:14:48","date_gmt":"2026-02-12T10:14:48","guid":{"rendered":"https:\/\/plumeconciergerie.fr\/?page_id=1882"},"modified":"2026-02-12T13:28:21","modified_gmt":"2026-02-12T12:28:21","slug":"politique-de-confidentialite","status":"publish","type":"page","link":"https:\/\/plumeconciergerie.fr\/index.php\/politique-de-confidentialite\/","title":{"rendered":"Politique de confidentialit\u00e9"},"content":{"rendered":"\t\t<div data-elementor-type=\"wp-page\" data-elementor-id=\"1882\" class=\"elementor elementor-1882\">\n\t\t\t\t<div class=\"elementor-element elementor-element-57fa4f27 e-flex e-con-boxed e-con e-parent\" data-id=\"57fa4f27\" data-element_type=\"container\" data-e-type=\"container\" data-settings=\"{&quot;background_background&quot;:&quot;classic&quot;}\">\n\t\t\t\t\t<div class=\"e-con-inner\">\n\t\t\t\t<div class=\"elementor-element elementor-element-4f43a63f elementor-widget elementor-widget-heading\" data-id=\"4f43a63f\" data-element_type=\"widget\" data-e-type=\"widget\" data-widget_type=\"heading.default\">\n\t\t\t\t\t<h1 class=\"elementor-heading-title elementor-size-default\">Politique de confidentialit\u00e9 \n\u2013 Plume Conciergerie<\/h1>\t\t\t\t<\/div>\n\t\t\t\t<div class=\"elementor-element elementor-element-3c48beb7 elementor-widget elementor-widget-text-editor\" data-id=\"3c48beb7\" data-element_type=\"widget\" data-e-type=\"widget\" data-widget_type=\"text-editor.default\">\n\t\t\t\t\t\t\t\t\t<p><strong>Derni\u00e8re mise \u00e0 jour : 30 janvier 2026<\/strong><\/p><p><br \/>Plume Conciergerie, repr\u00e9sent\u00e9e par L\u00e9a Creyssels, respecte la con\ufb01dentialit\u00e9 et la protection des donn\u00e9es personnelles de ses clients et visiteurs. Cette politique de con\ufb01dentialit\u00e9 explique quelles donn\u00e9es nous collectons, comment nous les utilisons et quels droits vous avez.<\/p>\t\t\t\t\t\t\t\t<\/div>\n\t\t\t\t\t<\/div>\n\t\t\t\t<\/div>\n\t\t<div class=\"elementor-element elementor-element-16b97021 e-flex e-con-boxed e-con e-parent\" data-id=\"16b97021\" data-element_type=\"container\" data-e-type=\"container\" data-settings=\"{&quot;background_background&quot;:&quot;classic&quot;}\">\n\t\t\t\t\t<div class=\"e-con-inner\">\n\t\t\t\t<div class=\"elementor-element elementor-element-62122ed5 elementor-widget elementor-widget-heading\" data-id=\"62122ed5\" data-element_type=\"widget\" data-e-type=\"widget\" data-widget_type=\"heading.default\">\n\t\t\t\t\t<h2 class=\"elementor-heading-title elementor-size-default\">1. Responsable du traitement<\/h2>\t\t\t\t<\/div>\n\t\t\t\t<div class=\"elementor-element elementor-element-1b516406 elementor-widget elementor-widget-text-editor\" data-id=\"1b516406\" data-element_type=\"widget\" data-e-type=\"widget\" data-widget_type=\"text-editor.default\">\n\t\t\t\t\t\t\t\t\t<p><strong>Plume Conciergerie \u2013 L\u00e9a Creyssels<\/strong> <br \/>Adresse : S\u00e9v\u00e9rac d\u2019Aveyron, Aveyron, France <br \/>Email : contact@plumeconciergerie.fr <br \/>T\u00e9l\u00e9phone : 06 28 54 06 52<\/p><p><br \/>Le responsable du traitement est la personne qui d\u00e9cide des \ufb01nalit\u00e9s et moyens de traitement des donn\u00e9es personnelles collect\u00e9es sur ce site.<\/p>\t\t\t\t\t\t\t\t<\/div>\n\t\t\t\t\t<\/div>\n\t\t\t\t<\/div>\n\t\t<div class=\"elementor-element elementor-element-e66f601 e-flex e-con-boxed e-con e-parent\" data-id=\"e66f601\" data-element_type=\"container\" data-e-type=\"container\" data-settings=\"{&quot;background_background&quot;:&quot;classic&quot;}\">\n\t\t\t\t\t<div class=\"e-con-inner\">\n\t\t\t\t<div class=\"elementor-element elementor-element-6540ce9 elementor-widget elementor-widget-heading\" data-id=\"6540ce9\" data-element_type=\"widget\" data-e-type=\"widget\" data-widget_type=\"heading.default\">\n\t\t\t\t\t<h2 class=\"elementor-heading-title elementor-size-default\">2. Donn\u00e9es collect\u00e9es<\/h2>\t\t\t\t<\/div>\n\t\t\t\t<div class=\"elementor-element elementor-element-bf3c918 elementor-widget elementor-widget-text-editor\" data-id=\"bf3c918\" data-element_type=\"widget\" data-e-type=\"widget\" data-widget_type=\"text-editor.default\">\n\t\t\t\t\t\t\t\t\t<p>Nous collectons les donn\u00e9es personnelles que vous nous fournissez volontairement lors :<\/p><ul><li>De la r\u00e9servation d\u2019un s\u00e9jour ;<\/li><li>De la souscription \u00e0 nos services de conciergerie ;<\/li><li>Du remplissage du formulaire de contact ou d\u2019abonnement \u00e0 la newsletter.<\/li><\/ul><p>\u00a0<\/p><p>Ces donn\u00e9es peuvent inclure :<\/p><ul><li>Nom et pr\u00e9nom ;<\/li><li>Adresse e-mail ;<\/li><li>Num\u00e9ro de t\u00e9l\u00e9phone ;<\/li><li>Informations li\u00e9es \u00e0 votre r\u00e9servation (dates, nombre de personnes, pr\u00e9f\u00e9rences, logement choisi) ;<\/li><li>Informations de paiement (trait\u00e9es via des plateformes s\u00e9curis\u00e9es et non conserv\u00e9es par Plume Conciergerie).<\/li><\/ul><p>\u00a0<\/p><p>Nous pouvons \u00e9galement collecter automatiquement certaines donn\u00e9es techniques via le site internet :<\/p><ul><li>Adresse IP ;<\/li><li>Type de navigateur et appareil utilis\u00e9 ;<\/li><li>Pages consult\u00e9es et dur\u00e9e de navigation.<\/li><\/ul>\t\t\t\t\t\t\t\t<\/div>\n\t\t\t\t\t<\/div>\n\t\t\t\t<\/div>\n\t\t<div class=\"elementor-element elementor-element-e32c775 e-flex e-con-boxed e-con e-parent\" data-id=\"e32c775\" data-element_type=\"container\" data-e-type=\"container\" data-settings=\"{&quot;background_background&quot;:&quot;classic&quot;}\">\n\t\t\t\t\t<div class=\"e-con-inner\">\n\t\t\t\t<div class=\"elementor-element elementor-element-98fec0b elementor-widget elementor-widget-heading\" data-id=\"98fec0b\" data-element_type=\"widget\" data-e-type=\"widget\" data-widget_type=\"heading.default\">\n\t\t\t\t\t<h2 class=\"elementor-heading-title elementor-size-default\">3. Finalit\u00e9s du traitement<\/h2>\t\t\t\t<\/div>\n\t\t\t\t<div class=\"elementor-element elementor-element-3b9f6f1 elementor-widget elementor-widget-text-editor\" data-id=\"3b9f6f1\" data-element_type=\"widget\" data-e-type=\"widget\" data-widget_type=\"text-editor.default\">\n\t\t\t\t\t\t\t\t\t<p>Les donn\u00e9es collect\u00e9es sont utilis\u00e9es pour :<\/p><ol><li>G\u00e9rer vos r\u00e9servations et contrats de location ;<\/li><li>Fournir nos services de conciergerie et de gestion locative ;<\/li><li>R\u00e9pondre \u00e0 vos demandes via le formulaire ou email ;<\/li><li>Communiquer des informations utiles et des promotions sur nos services (si vous acceptez de recevoir la newsletter) ;<\/li><li>Am\u00e9liorer notre site web et nos services.<\/li><\/ol>\t\t\t\t\t\t\t\t<\/div>\n\t\t\t\t\t<\/div>\n\t\t\t\t<\/div>\n\t\t<div class=\"elementor-element elementor-element-b0671a8 e-flex e-con-boxed e-con e-parent\" data-id=\"b0671a8\" data-element_type=\"container\" data-e-type=\"container\" data-settings=\"{&quot;background_background&quot;:&quot;classic&quot;}\">\n\t\t\t\t\t<div class=\"e-con-inner\">\n\t\t\t\t<div class=\"elementor-element elementor-element-c2caab3 elementor-widget elementor-widget-heading\" data-id=\"c2caab3\" data-element_type=\"widget\" data-e-type=\"widget\" data-widget_type=\"heading.default\">\n\t\t\t\t\t<h2 class=\"elementor-heading-title elementor-size-default\">4. Base l\u00e9gale du traitement<\/h2>\t\t\t\t<\/div>\n\t\t\t\t<div class=\"elementor-element elementor-element-fc18e35 elementor-widget elementor-widget-text-editor\" data-id=\"fc18e35\" data-element_type=\"widget\" data-e-type=\"widget\" data-widget_type=\"text-editor.default\">\n\t\t\t\t\t\t\t\t\t<ul><li>Consentement : pour l\u2019envoi de newsletters ou communications commerciales ;<\/li><li>Ex\u00e9cution d\u2019un contrat : pour g\u00e9rer vos r\u00e9servations et prestations de services ;<\/li><li>Int\u00e9r\u00eat l\u00e9gitime : pour la gestion administrative, la s\u00e9curit\u00e9 du site et l\u2019am\u00e9lioration de nos services.<\/li><\/ul>\t\t\t\t\t\t\t\t<\/div>\n\t\t\t\t\t<\/div>\n\t\t\t\t<\/div>\n\t\t<div class=\"elementor-element elementor-element-678c2ff e-flex e-con-boxed e-con e-parent\" data-id=\"678c2ff\" data-element_type=\"container\" data-e-type=\"container\" data-settings=\"{&quot;background_background&quot;:&quot;classic&quot;}\">\n\t\t\t\t\t<div class=\"e-con-inner\">\n\t\t\t\t<div class=\"elementor-element elementor-element-456fe20 elementor-widget elementor-widget-heading\" data-id=\"456fe20\" data-element_type=\"widget\" data-e-type=\"widget\" data-widget_type=\"heading.default\">\n\t\t\t\t\t<h2 class=\"elementor-heading-title elementor-size-default\">5. Destinataires des donn\u00e9es<\/h2>\t\t\t\t<\/div>\n\t\t\t\t<div class=\"elementor-element elementor-element-c2c68f5 elementor-widget elementor-widget-text-editor\" data-id=\"c2c68f5\" data-element_type=\"widget\" data-e-type=\"widget\" data-widget_type=\"text-editor.default\">\n\t\t\t\t\t\t\t\t\t<ul><li>Les donn\u00e9es personnelles ne sont partag\u00e9es qu\u2019avec des prestataires n\u00e9cessaires \u00e0 la r\u00e9servation et \u00e0 la gestion du logement (plateformes de paiement, plateformes de r\u00e9servation, prestataires de m\u00e9nage ou artisans pour entretien, uniquement si n\u00e9cessaire).<\/li><li>Nous ne vendons ni ne louons vos donn\u00e9es \u00e0 des tiers.<\/li><\/ul>\t\t\t\t\t\t\t\t<\/div>\n\t\t\t\t\t<\/div>\n\t\t\t\t<\/div>\n\t\t<div class=\"elementor-element elementor-element-c8a9ae9 e-flex e-con-boxed e-con e-parent\" data-id=\"c8a9ae9\" data-element_type=\"container\" data-e-type=\"container\" data-settings=\"{&quot;background_background&quot;:&quot;classic&quot;}\">\n\t\t\t\t\t<div class=\"e-con-inner\">\n\t\t\t\t<div class=\"elementor-element elementor-element-4b96340 elementor-widget elementor-widget-heading\" data-id=\"4b96340\" data-element_type=\"widget\" data-e-type=\"widget\" data-widget_type=\"heading.default\">\n\t\t\t\t\t<h2 class=\"elementor-heading-title elementor-size-default\">6. Conservation des donn\u00e9es<\/h2>\t\t\t\t<\/div>\n\t\t\t\t<div class=\"elementor-element elementor-element-a3b760e elementor-widget elementor-widget-text-editor\" data-id=\"a3b760e\" data-element_type=\"widget\" data-e-type=\"widget\" data-widget_type=\"text-editor.default\">\n\t\t\t\t\t\t\t\t\t<ul><li>Les donn\u00e9es relatives \u00e0 vos r\u00e9servations sont conserv\u00e9es jusqu\u2019\u00e0 5 ans apr\u00e8s la \ufb01n de votre s\u00e9jour ou contrat, conform\u00e9ment aux obligations l\u00e9gales et \ufb01scales.<\/li><li>Les donn\u00e9es techniques (navigation sur le site) sont conserv\u00e9es 1 an maximum.<\/li><li>Vous pouvez demander la suppression de vos donn\u00e9es \u00e0 tout moment (voir section 9).<\/li><\/ul>\t\t\t\t\t\t\t\t<\/div>\n\t\t\t\t\t<\/div>\n\t\t\t\t<\/div>\n\t\t<div class=\"elementor-element elementor-element-28c5d33 e-flex e-con-boxed e-con e-parent\" data-id=\"28c5d33\" data-element_type=\"container\" data-e-type=\"container\" data-settings=\"{&quot;background_background&quot;:&quot;classic&quot;}\">\n\t\t\t\t\t<div class=\"e-con-inner\">\n\t\t\t\t<div class=\"elementor-element elementor-element-aafb2e4 elementor-widget elementor-widget-heading\" data-id=\"aafb2e4\" data-element_type=\"widget\" data-e-type=\"widget\" data-widget_type=\"heading.default\">\n\t\t\t\t\t<h2 class=\"elementor-heading-title elementor-size-default\">7. S\u00e9curit\u00e9 des donn\u00e9es<\/h2>\t\t\t\t<\/div>\n\t\t\t\t<div class=\"elementor-element elementor-element-905d27d elementor-widget elementor-widget-text-editor\" data-id=\"905d27d\" data-element_type=\"widget\" data-e-type=\"widget\" data-widget_type=\"text-editor.default\">\n\t\t\t\t\t\t\t\t\t<p>Nous mettons en place des mesures techniques et organisationnelles pour prot\u00e9ger vos donn\u00e9es contre :<\/p><ul><li>L\u2019acc\u00e8s non autoris\u00e9 ;<\/li><li>La perte, l\u2019alt\u00e9ration ou la divulgation accidentelle ;<\/li><li>Le piratage informatique.<\/li><\/ul><p>\u00a0<\/p><p>Les paiements sont s\u00e9curis\u00e9s via des plateformes externes conformes aux normes PCI DSS.<\/p>\t\t\t\t\t\t\t\t<\/div>\n\t\t\t\t\t<\/div>\n\t\t\t\t<\/div>\n\t\t<div class=\"elementor-element elementor-element-05fad52 e-flex e-con-boxed e-con e-parent\" data-id=\"05fad52\" data-element_type=\"container\" data-e-type=\"container\" data-settings=\"{&quot;background_background&quot;:&quot;classic&quot;}\">\n\t\t\t\t\t<div class=\"e-con-inner\">\n\t\t\t\t<div class=\"elementor-element elementor-element-a0f538c elementor-widget elementor-widget-heading\" data-id=\"a0f538c\" data-element_type=\"widget\" data-e-type=\"widget\" data-widget_type=\"heading.default\">\n\t\t\t\t\t<h2 class=\"elementor-heading-title elementor-size-default\">8. Cookies et traceurs<\/h2>\t\t\t\t<\/div>\n\t\t\t\t<div class=\"elementor-element elementor-element-0a8b169 elementor-widget elementor-widget-text-editor\" data-id=\"0a8b169\" data-element_type=\"widget\" data-e-type=\"widget\" data-widget_type=\"text-editor.default\">\n\t\t\t\t\t\t\t\t\t<p>Notre site peut utiliser des cookies pour :<\/p><ul><li>Am\u00e9liorer votre exp\u00e9rience de navigation ;<\/li><li>Analyser l\u2019utilisation du site pour des statistiques ;<\/li><li>Faciliter les fonctionnalit\u00e9s de r\u00e9servation en ligne.<\/li><\/ul><p>\u00a0<\/p><p>Vous pouvez g\u00e9rer vos pr\u00e9f\u00e9rences de cookies dans votre navigateur et refuser certains traceurs.<\/p>\t\t\t\t\t\t\t\t<\/div>\n\t\t\t\t\t<\/div>\n\t\t\t\t<\/div>\n\t\t<div class=\"elementor-element elementor-element-b5f5317 e-flex e-con-boxed e-con e-parent\" data-id=\"b5f5317\" data-element_type=\"container\" data-e-type=\"container\" data-settings=\"{&quot;background_background&quot;:&quot;classic&quot;}\">\n\t\t\t\t\t<div class=\"e-con-inner\">\n\t\t\t\t<div class=\"elementor-element elementor-element-3927fc7 elementor-widget elementor-widget-heading\" data-id=\"3927fc7\" data-element_type=\"widget\" data-e-type=\"widget\" data-widget_type=\"heading.default\">\n\t\t\t\t\t<h2 class=\"elementor-heading-title elementor-size-default\">9. Vos droits<\/h2>\t\t\t\t<\/div>\n\t\t\t\t<div class=\"elementor-element elementor-element-f2dc5ed elementor-widget elementor-widget-text-editor\" data-id=\"f2dc5ed\" data-element_type=\"widget\" data-e-type=\"widget\" data-widget_type=\"text-editor.default\">\n\t\t\t\t\t\t\t\t\t<p>Conform\u00e9ment au RGPD, vous disposez des droits suivants :<\/p><p>\u00a0<\/p><ul><li>Acc\u00e8s : obtenir une copie des donn\u00e9es vous concernant ;<\/li><li>Recti\ufb01cation : corriger toute information inexacte ;<\/li><li>Effacement : demander la suppression de vos donn\u00e9es (dans les limites l\u00e9gales) ;<\/li><li>Limitation : demander la restriction du traitement ;<\/li><li>Opposition : vous opposer au traitement de vos donn\u00e9es \u00e0 des \ufb01ns marketing ;<\/li><li>Portabilit\u00e9 : recevoir vos donn\u00e9es dans un format structur\u00e9 et r\u00e9utilisable.<\/li><\/ul><p>\u00a0<\/p><p>Pour exercer vos droits, contactez-nous : <strong>contact@plumeconciergerie.fr<\/strong> ou <strong>06 28 54 06 52<\/strong>.<\/p>\t\t\t\t\t\t\t\t<\/div>\n\t\t\t\t\t<\/div>\n\t\t\t\t<\/div>\n\t\t<div class=\"elementor-element elementor-element-788aa91 e-flex e-con-boxed e-con e-parent\" data-id=\"788aa91\" data-element_type=\"container\" data-e-type=\"container\" data-settings=\"{&quot;background_background&quot;:&quot;classic&quot;}\">\n\t\t\t\t\t<div class=\"e-con-inner\">\n\t\t\t\t<div class=\"elementor-element elementor-element-00e72c6 elementor-widget elementor-widget-heading\" data-id=\"00e72c6\" data-element_type=\"widget\" data-e-type=\"widget\" data-widget_type=\"heading.default\">\n\t\t\t\t\t<h2 class=\"elementor-heading-title elementor-size-default\">10. Contact et r\u00e9clamation<\/h2>\t\t\t\t<\/div>\n\t\t\t\t<div class=\"elementor-element elementor-element-7e44b00 elementor-widget elementor-widget-text-editor\" data-id=\"7e44b00\" data-element_type=\"widget\" data-e-type=\"widget\" data-widget_type=\"text-editor.default\">\n\t\t\t\t\t\t\t\t\t<p>Pour toute question sur la con\ufb01dentialit\u00e9 ou le traitement de vos donn\u00e9es personnelles : <strong>L\u00e9a Creyssels \u2013 Plume Conciergerie<\/strong><\/p><p>\u00a0<\/p><p>Email : contact@plumeconciergerie.fr <br \/>T\u00e9l\u00e9phone : 06 28 54 06 52<\/p><p><br \/>Si vous estimez que vos droits RGPD ne sont pas respect\u00e9s, vous pouvez \u00e9galement d\u00e9poser une r\u00e9clamation aupr\u00e8s de la <strong>CNIL<\/strong> (www.cnil.fr).<\/p>\t\t\t\t\t\t\t\t<\/div>\n\t\t\t\t\t<\/div>\n\t\t\t\t<\/div>\n\t\t\t\t<\/div>\n\t\t","protected":false},"excerpt":{"rendered":"<p>Politique de confidentialit\u00e9 \u2013 Plume Conciergerie Derni\u00e8re mise \u00e0 jour : 30 janvier 2026 Plume Conciergerie, repr\u00e9sent\u00e9e par L\u00e9a Creyssels, respecte la con\ufb01dentialit\u00e9 et la protection des donn\u00e9es personnelles de ses clients et visiteurs. Cette politique de con\ufb01dentialit\u00e9 explique quelles donn\u00e9es nous collectons, comment nous les utilisons et quels droits vous avez. 1. Responsable du [&hellip;]<\/p>\n","protected":false},"author":2,"featured_media":0,"parent":0,"menu_order":0,"comment_status":"closed","ping_status":"closed","template":"","meta":{"footnotes":""},"class_list":["post-1882","page","type-page","status-publish","hentry"],"yoast_head":"<!-- This site is optimized with the Yoast SEO plugin v27.3 - https:\/\/yoast.com\/product\/yoast-seo-wordpress\/ -->\n<title>Politique de confidentialit\u00e9 - Plume Conciergerie<\/title>\n<meta name=\"robots\" content=\"index, follow, max-snippet:-1, max-image-preview:large, max-video-preview:-1\" \/>\n<link rel=\"canonical\" href=\"https:\/\/plumeconciergerie.fr\/index.php\/politique-de-confidentialite\/\" \/>\n<meta property=\"og:locale\" content=\"fr_FR\" \/>\n<meta property=\"og:type\" content=\"article\" \/>\n<meta property=\"og:title\" content=\"Politique de confidentialit\u00e9 - Plume Conciergerie\" \/>\n<meta property=\"og:description\" content=\"Politique de confidentialit\u00e9 \u2013 Plume Conciergerie Derni\u00e8re mise \u00e0 jour : 30 janvier 2026 Plume Conciergerie, repr\u00e9sent\u00e9e par L\u00e9a Creyssels, respecte la con\ufb01dentialit\u00e9 et la protection des donn\u00e9es personnelles de ses clients et visiteurs. Cette politique de con\ufb01dentialit\u00e9 explique quelles donn\u00e9es nous collectons, comment nous les utilisons et quels droits vous avez. 1. Responsable du [&hellip;]\" \/>\n<meta property=\"og:url\" content=\"https:\/\/plumeconciergerie.fr\/index.php\/politique-de-confidentialite\/\" \/>\n<meta property=\"og:site_name\" content=\"Plume Conciergerie\" \/>\n<meta property=\"article:publisher\" content=\"https:\/\/www.facebook.com\/profile.php?id=61585924659357\" \/>\n<meta property=\"article:modified_time\" content=\"2026-02-12T12:28:21+00:00\" \/>\n<meta name=\"twitter:card\" content=\"summary_large_image\" \/>\n<meta name=\"twitter:label1\" content=\"Dur\u00e9e de lecture estim\u00e9e\" \/>\n\t<meta name=\"twitter:data1\" content=\"4 minutes\" \/>\n<script type=\"application\/ld+json\" class=\"yoast-schema-graph\">{\"@context\":\"https:\\\/\\\/schema.org\",\"@graph\":[{\"@type\":\"WebPage\",\"@id\":\"https:\\\/\\\/plumeconciergerie.fr\\\/index.php\\\/politique-de-confidentialite\\\/\",\"url\":\"https:\\\/\\\/plumeconciergerie.fr\\\/index.php\\\/politique-de-confidentialite\\\/\",\"name\":\"Politique de confidentialit\u00e9 - Plume Conciergerie\",\"isPartOf\":{\"@id\":\"http:\\\/\\\/plumeconciergerie.fr\\\/#website\"},\"datePublished\":\"2026-02-12T10:14:48+00:00\",\"dateModified\":\"2026-02-12T12:28:21+00:00\",\"breadcrumb\":{\"@id\":\"https:\\\/\\\/plumeconciergerie.fr\\\/index.php\\\/politique-de-confidentialite\\\/#breadcrumb\"},\"inLanguage\":\"fr-FR\",\"potentialAction\":[{\"@type\":\"ReadAction\",\"target\":[\"https:\\\/\\\/plumeconciergerie.fr\\\/index.php\\\/politique-de-confidentialite\\\/\"]}]},{\"@type\":\"BreadcrumbList\",\"@id\":\"https:\\\/\\\/plumeconciergerie.fr\\\/index.php\\\/politique-de-confidentialite\\\/#breadcrumb\",\"itemListElement\":[{\"@type\":\"ListItem\",\"position\":1,\"name\":\"Accueil\",\"item\":\"http:\\\/\\\/plumeconciergerie.fr\\\/\"},{\"@type\":\"ListItem\",\"position\":2,\"name\":\"Politique de confidentialit\u00e9\"}]},{\"@type\":\"WebSite\",\"@id\":\"http:\\\/\\\/plumeconciergerie.fr\\\/#website\",\"url\":\"http:\\\/\\\/plumeconciergerie.fr\\\/\",\"name\":\"Plume Conciergerie\",\"description\":\"\",\"publisher\":{\"@id\":\"http:\\\/\\\/plumeconciergerie.fr\\\/#organization\"},\"potentialAction\":[{\"@type\":\"SearchAction\",\"target\":{\"@type\":\"EntryPoint\",\"urlTemplate\":\"http:\\\/\\\/plumeconciergerie.fr\\\/?s={search_term_string}\"},\"query-input\":{\"@type\":\"PropertyValueSpecification\",\"valueRequired\":true,\"valueName\":\"search_term_string\"}}],\"inLanguage\":\"fr-FR\"},{\"@type\":\"Organization\",\"@id\":\"http:\\\/\\\/plumeconciergerie.fr\\\/#organization\",\"name\":\"Plume Conciergerie\",\"url\":\"http:\\\/\\\/plumeconciergerie.fr\\\/\",\"logo\":{\"@type\":\"ImageObject\",\"inLanguage\":\"fr-FR\",\"@id\":\"http:\\\/\\\/plumeconciergerie.fr\\\/#\\\/schema\\\/logo\\\/image\\\/\",\"url\":\"https:\\\/\\\/plumeconciergerie.fr\\\/wp-content\\\/uploads\\\/2025\\\/12\\\/Logo-e1768210402356.png\",\"contentUrl\":\"https:\\\/\\\/plumeconciergerie.fr\\\/wp-content\\\/uploads\\\/2025\\\/12\\\/Logo-e1768210402356.png\",\"width\":253,\"height\":119,\"caption\":\"Plume Conciergerie\"},\"image\":{\"@id\":\"http:\\\/\\\/plumeconciergerie.fr\\\/#\\\/schema\\\/logo\\\/image\\\/\"},\"sameAs\":[\"https:\\\/\\\/www.facebook.com\\\/profile.php?id=61585924659357\",\"https:\\\/\\\/www.instagram.com\\\/plume.conciergerie\\\/\"]}]}<\/script>\n<!-- \/ Yoast SEO plugin. -->","yoast_head_json":{"title":"Politique de confidentialit\u00e9 - Plume Conciergerie","robots":{"index":"index","follow":"follow","max-snippet":"max-snippet:-1","max-image-preview":"max-image-preview:large","max-video-preview":"max-video-preview:-1"},"canonical":"https:\/\/plumeconciergerie.fr\/index.php\/politique-de-confidentialite\/","og_locale":"fr_FR","og_type":"article","og_title":"Politique de confidentialit\u00e9 - Plume Conciergerie","og_description":"Politique de confidentialit\u00e9 \u2013 Plume Conciergerie Derni\u00e8re mise \u00e0 jour : 30 janvier 2026 Plume Conciergerie, repr\u00e9sent\u00e9e par L\u00e9a Creyssels, respecte la con\ufb01dentialit\u00e9 et la protection des donn\u00e9es personnelles de ses clients et visiteurs. Cette politique de con\ufb01dentialit\u00e9 explique quelles donn\u00e9es nous collectons, comment nous les utilisons et quels droits vous avez. 1. Responsable du [&hellip;]","og_url":"https:\/\/plumeconciergerie.fr\/index.php\/politique-de-confidentialite\/","og_site_name":"Plume Conciergerie","article_publisher":"https:\/\/www.facebook.com\/profile.php?id=61585924659357","article_modified_time":"2026-02-12T12:28:21+00:00","twitter_card":"summary_large_image","twitter_misc":{"Dur\u00e9e de lecture estim\u00e9e":"4 minutes"},"schema":{"@context":"https:\/\/schema.org","@graph":[{"@type":"WebPage","@id":"https:\/\/plumeconciergerie.fr\/index.php\/politique-de-confidentialite\/","url":"https:\/\/plumeconciergerie.fr\/index.php\/politique-de-confidentialite\/","name":"Politique de confidentialit\u00e9 - Plume Conciergerie","isPartOf":{"@id":"http:\/\/plumeconciergerie.fr\/#website"},"datePublished":"2026-02-12T10:14:48+00:00","dateModified":"2026-02-12T12:28:21+00:00","breadcrumb":{"@id":"https:\/\/plumeconciergerie.fr\/index.php\/politique-de-confidentialite\/#breadcrumb"},"inLanguage":"fr-FR","potentialAction":[{"@type":"ReadAction","target":["https:\/\/plumeconciergerie.fr\/index.php\/politique-de-confidentialite\/"]}]},{"@type":"BreadcrumbList","@id":"https:\/\/plumeconciergerie.fr\/index.php\/politique-de-confidentialite\/#breadcrumb","itemListElement":[{"@type":"ListItem","position":1,"name":"Accueil","item":"http:\/\/plumeconciergerie.fr\/"},{"@type":"ListItem","position":2,"name":"Politique de confidentialit\u00e9"}]},{"@type":"WebSite","@id":"http:\/\/plumeconciergerie.fr\/#website","url":"http:\/\/plumeconciergerie.fr\/","name":"Plume Conciergerie","description":"","publisher":{"@id":"http:\/\/plumeconciergerie.fr\/#organization"},"potentialAction":[{"@type":"SearchAction","target":{"@type":"EntryPoint","urlTemplate":"http:\/\/plumeconciergerie.fr\/?s={search_term_string}"},"query-input":{"@type":"PropertyValueSpecification","valueRequired":true,"valueName":"search_term_string"}}],"inLanguage":"fr-FR"},{"@type":"Organization","@id":"http:\/\/plumeconciergerie.fr\/#organization","name":"Plume Conciergerie","url":"http:\/\/plumeconciergerie.fr\/","logo":{"@type":"ImageObject","inLanguage":"fr-FR","@id":"http:\/\/plumeconciergerie.fr\/#\/schema\/logo\/image\/","url":"https:\/\/plumeconciergerie.fr\/wp-content\/uploads\/2025\/12\/Logo-e1768210402356.png","contentUrl":"https:\/\/plumeconciergerie.fr\/wp-content\/uploads\/2025\/12\/Logo-e1768210402356.png","width":253,"height":119,"caption":"Plume Conciergerie"},"image":{"@id":"http:\/\/plumeconciergerie.fr\/#\/schema\/logo\/image\/"},"sameAs":["https:\/\/www.facebook.com\/profile.php?id=61585924659357","https:\/\/www.instagram.com\/plume.conciergerie\/"]}]}},"_links":{"self":[{"href":"https:\/\/plumeconciergerie.fr\/index.php\/wp-json\/wp\/v2\/pages\/1882","targetHints":{"allow":["GET"]}}],"collection":[{"href":"https:\/\/plumeconciergerie.fr\/index.php\/wp-json\/wp\/v2\/pages"}],"about":[{"href":"https:\/\/plumeconciergerie.fr\/index.php\/wp-json\/wp\/v2\/types\/page"}],"author":[{"embeddable":true,"href":"https:\/\/plumeconciergerie.fr\/index.php\/wp-json\/wp\/v2\/users\/2"}],"replies":[{"embeddable":true,"href":"https:\/\/plumeconciergerie.fr\/index.php\/wp-json\/wp\/v2\/comments?post=1882"}],"version-history":[{"count":0,"href":"https:\/\/plumeconciergerie.fr\/index.php\/wp-json\/wp\/v2\/pages\/1882\/revisions"}],"wp:attachment":[{"href":"https:\/\/plumeconciergerie.fr\/index.php\/wp-json\/wp\/v2\/media?parent=1882"}],"curies":[{"name":"wp","href":"https:\/\/api.w.org\/{rel}","templated":true}]}}