{"id":1962,"date":"2026-02-16T09:54:39","date_gmt":"2026-02-16T08:54:39","guid":{"rendered":"https:\/\/plumeconciergerie.fr\/?page_id=1962"},"modified":"2026-02-16T10:01:15","modified_gmt":"2026-02-16T09:01:15","slug":"mentions-legales","status":"publish","type":"page","link":"https:\/\/plumeconciergerie.fr\/index.php\/mentions-legales\/","title":{"rendered":"Mentions l\u00e9gales"},"content":{"rendered":"\t\t<div data-elementor-type=\"wp-page\" data-elementor-id=\"1962\" class=\"elementor elementor-1962\">\n\t\t\t\t<div class=\"elementor-element elementor-element-53e6f9dc e-flex e-con-boxed e-con e-parent\" data-id=\"53e6f9dc\" data-element_type=\"container\" data-e-type=\"container\" data-settings=\"{&quot;background_background&quot;:&quot;classic&quot;}\">\n\t\t\t\t\t<div class=\"e-con-inner\">\n\t\t\t\t<div class=\"elementor-element elementor-element-7513f20f elementor-widget elementor-widget-heading\" data-id=\"7513f20f\" data-element_type=\"widget\" data-e-type=\"widget\" data-widget_type=\"heading.default\">\n\t\t\t\t\t<h1 class=\"elementor-heading-title elementor-size-default\">Mentions l\u00e9gales<\/h1>\t\t\t\t<\/div>\n\t\t\t\t\t<\/div>\n\t\t\t\t<\/div>\n\t\t<div class=\"elementor-element elementor-element-547913f6 e-flex e-con-boxed e-con e-parent\" data-id=\"547913f6\" data-element_type=\"container\" data-e-type=\"container\" data-settings=\"{&quot;background_background&quot;:&quot;classic&quot;}\">\n\t\t\t\t\t<div class=\"e-con-inner\">\n\t\t\t\t<div class=\"elementor-element elementor-element-14703a4a elementor-widget elementor-widget-heading\" data-id=\"14703a4a\" data-element_type=\"widget\" data-e-type=\"widget\" data-widget_type=\"heading.default\">\n\t\t\t\t\t<h2 class=\"elementor-heading-title elementor-size-default\">1. \u00c9diteur du site<\/h2>\t\t\t\t<\/div>\n\t\t\t\t<div class=\"elementor-element elementor-element-23cdf4e7 elementor-widget elementor-widget-text-editor\" data-id=\"23cdf4e7\" data-element_type=\"widget\" data-e-type=\"widget\" data-widget_type=\"text-editor.default\">\n\t\t\t\t\t\t\t\t\t<p>Le pr\u00e9sent site <a href=\"http:\/\/www.plumeconciergerie.fr\">www.plumeconciergerie.fr<\/a> est \u00e9dit\u00e9 par :<\/p><p><br \/><strong>Plume Conciergerie<\/strong> <br \/>L\u00e9a Creyssels <br \/>Conciergerie professionnelle sp\u00e9cialis\u00e9e en location courte dur\u00e9e, g\u00eetes et r\u00e9sidences secondaires en Aveyron et Loz\u00e8re.<\/p><p><br \/>Bas\u00e9e \u00e0 S\u00e9v\u00e9rac d\u2019Aveyron (12150), France<\/p><p><br \/>T\u00e9l\u00e9phone : 06 28 54 06 52 <br \/>Email : contact@plumeconciergerie.fr<\/p><p>\u00a0<\/p><p>Statut juridique : EI Plume conciergerie<br \/>SIRET : 99539004400015 <\/p><p>\u00a0<\/p><p>Directrice de la publication : L\u00e9a Creyssels<\/p>\t\t\t\t\t\t\t\t<\/div>\n\t\t\t\t\t<\/div>\n\t\t\t\t<\/div>\n\t\t<div class=\"elementor-element elementor-element-26a33109 e-flex e-con-boxed e-con e-parent\" data-id=\"26a33109\" data-element_type=\"container\" data-e-type=\"container\" data-settings=\"{&quot;background_background&quot;:&quot;classic&quot;}\">\n\t\t\t\t\t<div class=\"e-con-inner\">\n\t\t\t\t<div class=\"elementor-element elementor-element-209f7908 elementor-widget elementor-widget-heading\" data-id=\"209f7908\" data-element_type=\"widget\" data-e-type=\"widget\" data-widget_type=\"heading.default\">\n\t\t\t\t\t<h2 class=\"elementor-heading-title elementor-size-default\">2. H\u00e9bergement<\/h2>\t\t\t\t<\/div>\n\t\t\t\t<div class=\"elementor-element elementor-element-6b15f01e elementor-widget elementor-widget-text-editor\" data-id=\"6b15f01e\" data-element_type=\"widget\" data-e-type=\"widget\" data-widget_type=\"text-editor.default\">\n\t\t\t\t\t\t\t\t\t<p>Le site <a href=\"http:\/\/plumeconciergerie.fr\">plumeconciergerie.fr<\/a> est h\u00e9berg\u00e9 par :<\/p><p><br \/><strong>OVH SAS<\/strong> <br \/>2 rue Kellermann <br \/>59100 Roubaix <br \/>France<\/p><p><br \/>T\u00e9l\u00e9phone : 1007 (service client OVH) <br \/>Site internet : www.ovhcloud.com<\/p>\t\t\t\t\t\t\t\t<\/div>\n\t\t\t\t\t<\/div>\n\t\t\t\t<\/div>\n\t\t<div class=\"elementor-element elementor-element-2b68b728 e-flex e-con-boxed e-con e-parent\" data-id=\"2b68b728\" data-element_type=\"container\" data-e-type=\"container\" data-settings=\"{&quot;background_background&quot;:&quot;classic&quot;}\">\n\t\t\t\t\t<div class=\"e-con-inner\">\n\t\t\t\t<div class=\"elementor-element elementor-element-57265653 elementor-widget elementor-widget-heading\" data-id=\"57265653\" data-element_type=\"widget\" data-e-type=\"widget\" data-widget_type=\"heading.default\">\n\t\t\t\t\t<h2 class=\"elementor-heading-title elementor-size-default\">3. Activit\u00e9<\/h2>\t\t\t\t<\/div>\n\t\t\t\t<div class=\"elementor-element elementor-element-4ad79208 elementor-widget elementor-widget-text-editor\" data-id=\"4ad79208\" data-element_type=\"widget\" data-e-type=\"widget\" data-widget_type=\"text-editor.default\">\n\t\t\t\t\t\t\t\t\t<p>Plume Conciergerie propose des services de conciergerie professionnelle en Aveyron et Loz\u00e8re :<\/p><p>\u00a0<\/p><ul><li>Gestion de locations courte dur\u00e9e<\/li><li>Intendance et suivi de r\u00e9sidences secondaires<\/li><li>Accueil des voyageurs, m\u00e9nage et blanchisserie<\/li><li>Optimisation d\u2019annonces (Airbnb, Booking et r\u00e9servation directe)<\/li><li>Conseil en am\u00e9nagement et home staging<\/li><\/ul><p>\u00a0<\/p><p>Les informations pr\u00e9sent\u00e9es sur ce site sont donn\u00e9es \u00e0 titre indicatif et peuvent \u00e9voluer \u00e0 tout moment.<\/p>\t\t\t\t\t\t\t\t<\/div>\n\t\t\t\t\t<\/div>\n\t\t\t\t<\/div>\n\t\t<div class=\"elementor-element elementor-element-79997dc6 e-flex e-con-boxed e-con e-parent\" data-id=\"79997dc6\" data-element_type=\"container\" data-e-type=\"container\" data-settings=\"{&quot;background_background&quot;:&quot;classic&quot;}\">\n\t\t\t\t\t<div class=\"e-con-inner\">\n\t\t\t\t<div class=\"elementor-element elementor-element-30336a35 elementor-widget elementor-widget-heading\" data-id=\"30336a35\" data-element_type=\"widget\" data-e-type=\"widget\" data-widget_type=\"heading.default\">\n\t\t\t\t\t<h2 class=\"elementor-heading-title elementor-size-default\">4. Propri\u00e9t\u00e9 intellectuelle<\/h2>\t\t\t\t<\/div>\n\t\t\t\t<div class=\"elementor-element elementor-element-3c70291a elementor-widget elementor-widget-text-editor\" data-id=\"3c70291a\" data-element_type=\"widget\" data-e-type=\"widget\" data-widget_type=\"text-editor.default\">\n\t\t\t\t\t\t\t\t\t<p>L\u2019ensemble des contenus pr\u00e9sents sur le site (textes, images, photographies, logo, identit\u00e9 visuelle, \u00e9l\u00e9ments graphiques, documents t\u00e9l\u00e9chargeables) est la propri\u00e9t\u00e9 exclusive de Plume Conciergerie, sauf mention contraire.<\/p><p><br \/>Toute reproduction, diffusion ou utilisation sans autorisation \u00e9crite pr\u00e9alable est interdite conform\u00e9ment au Code de la propri\u00e9t\u00e9 intellectuelle.<\/p>\t\t\t\t\t\t\t\t<\/div>\n\t\t\t\t\t<\/div>\n\t\t\t\t<\/div>\n\t\t<div class=\"elementor-element elementor-element-7a63ea6a e-flex e-con-boxed e-con e-parent\" data-id=\"7a63ea6a\" data-element_type=\"container\" data-e-type=\"container\" data-settings=\"{&quot;background_background&quot;:&quot;classic&quot;}\">\n\t\t\t\t\t<div class=\"e-con-inner\">\n\t\t\t\t<div class=\"elementor-element elementor-element-72d89649 elementor-widget elementor-widget-heading\" data-id=\"72d89649\" data-element_type=\"widget\" data-e-type=\"widget\" data-widget_type=\"heading.default\">\n\t\t\t\t\t<h2 class=\"elementor-heading-title elementor-size-default\">5. Responsabilit\u00e9<\/h2>\t\t\t\t<\/div>\n\t\t\t\t<div class=\"elementor-element elementor-element-27f788cf elementor-widget elementor-widget-text-editor\" data-id=\"27f788cf\" data-element_type=\"widget\" data-e-type=\"widget\" data-widget_type=\"text-editor.default\">\n\t\t\t\t\t\t\t\t\t<p>Plume Conciergerie s\u2019efforce de fournir des informations \ufb01ables concernant ses services de conciergerie, gestion locative et r\u00e9servation de g\u00eetes en Aveyron et Loz\u00e8re.<\/p><p>\u00a0<\/p><p>Cependant, la responsabilit\u00e9 de l\u2019\u00e9diteur ne saurait \u00eatre engag\u00e9e en cas d\u2019erreur, d\u2019omission ou d\u2019indisponibilit\u00e9 temporaire du site.<\/p><p>\u00a0<\/p><p>Les liens hypertextes vers des sites tiers n\u2019engagent pas la responsabilit\u00e9 de Plume Conciergerie quant \u00e0 leur contenu.<\/p>\t\t\t\t\t\t\t\t<\/div>\n\t\t\t\t\t<\/div>\n\t\t\t\t<\/div>\n\t\t<div class=\"elementor-element elementor-element-5c6da004 e-flex e-con-boxed e-con e-parent\" data-id=\"5c6da004\" data-element_type=\"container\" data-e-type=\"container\" data-settings=\"{&quot;background_background&quot;:&quot;classic&quot;}\">\n\t\t\t\t\t<div class=\"e-con-inner\">\n\t\t\t\t<div class=\"elementor-element elementor-element-757bfae3 elementor-widget elementor-widget-heading\" data-id=\"757bfae3\" data-element_type=\"widget\" data-e-type=\"widget\" data-widget_type=\"heading.default\">\n\t\t\t\t\t<h2 class=\"elementor-heading-title elementor-size-default\">6. Donn\u00e9es personnelles<\/h2>\t\t\t\t<\/div>\n\t\t\t\t<div class=\"elementor-element elementor-element-5f956ca9 elementor-widget elementor-widget-text-editor\" data-id=\"5f956ca9\" data-element_type=\"widget\" data-e-type=\"widget\" data-widget_type=\"text-editor.default\">\n\t\t\t\t\t\t\t\t\t<p>Les donn\u00e9es collect\u00e9es via le site (formulaire de contact, demande de devis, r\u00e9servation de location saisonni\u00e8re) sont trait\u00e9es conform\u00e9ment au R\u00e8glement G\u00e9n\u00e9ral sur la Protection des Donn\u00e9es <br \/>(RGPD).<\/p><p><br \/>Pour plus d\u2019informations, consultez notre <a href=\"https:\/\/plumeconciergerie.fr\/index.php\/politique-de-confidentialite\/\">Politique de con\ufb01dentialit\u00e9<\/a>.<\/p>\t\t\t\t\t\t\t\t<\/div>\n\t\t\t\t\t<\/div>\n\t\t\t\t<\/div>\n\t\t<div class=\"elementor-element elementor-element-27544e19 e-flex e-con-boxed e-con e-parent\" data-id=\"27544e19\" data-element_type=\"container\" data-e-type=\"container\" data-settings=\"{&quot;background_background&quot;:&quot;classic&quot;}\">\n\t\t\t\t\t<div class=\"e-con-inner\">\n\t\t\t\t<div class=\"elementor-element elementor-element-23e18cd6 elementor-widget elementor-widget-heading\" data-id=\"23e18cd6\" data-element_type=\"widget\" data-e-type=\"widget\" data-widget_type=\"heading.default\">\n\t\t\t\t\t<h2 class=\"elementor-heading-title elementor-size-default\">7. Cookies<\/h2>\t\t\t\t<\/div>\n\t\t\t\t<div class=\"elementor-element elementor-element-352d4b6 elementor-widget elementor-widget-text-editor\" data-id=\"352d4b6\" data-element_type=\"widget\" data-e-type=\"widget\" data-widget_type=\"text-editor.default\">\n\t\t\t\t\t\t\t\t\t<p>Le site peut utiliser des cookies a\ufb01n d\u2019am\u00e9liorer l\u2019exp\u00e9rience utilisateur, mesurer l\u2019audience et assurer le bon fonctionnement du moteur de r\u00e9servation en ligne.<\/p><p><br \/>L\u2019utilisateur peut \u00e0 tout moment con\ufb01gurer ou d\u00e9sactiver les cookies via les param\u00e8tres de son navigateur.<\/p>\t\t\t\t\t\t\t\t<\/div>\n\t\t\t\t\t<\/div>\n\t\t\t\t<\/div>\n\t\t<div class=\"elementor-element elementor-element-6caf420c e-flex e-con-boxed e-con e-parent\" data-id=\"6caf420c\" data-element_type=\"container\" data-e-type=\"container\" data-settings=\"{&quot;background_background&quot;:&quot;classic&quot;}\">\n\t\t\t\t\t<div class=\"e-con-inner\">\n\t\t\t\t<div class=\"elementor-element elementor-element-4c27ddd0 elementor-widget elementor-widget-heading\" data-id=\"4c27ddd0\" data-element_type=\"widget\" data-e-type=\"widget\" data-widget_type=\"heading.default\">\n\t\t\t\t\t<h2 class=\"elementor-heading-title elementor-size-default\">8. Droit applicable<\/h2>\t\t\t\t<\/div>\n\t\t\t\t<div class=\"elementor-element elementor-element-3953aa61 elementor-widget elementor-widget-text-editor\" data-id=\"3953aa61\" data-element_type=\"widget\" data-e-type=\"widget\" data-widget_type=\"text-editor.default\">\n\t\t\t\t\t\t\t\t\t<p>Les pr\u00e9sentes mentions l\u00e9gales sont soumises au droit fran\u00e7ais. <br \/>En cas de litige, les tribunaux comp\u00e9tents seront ceux du ressort du si\u00e8ge de Plume Conciergerie, situ\u00e9 \u00e0 S\u00e9v\u00e9rac d\u2019Aveyron.<\/p>\t\t\t\t\t\t\t\t<\/div>\n\t\t\t\t\t<\/div>\n\t\t\t\t<\/div>\n\t\t\t\t<\/div>\n\t\t","protected":false},"excerpt":{"rendered":"<p>Mentions l\u00e9gales 1. \u00c9diteur du site Le pr\u00e9sent site www.plumeconciergerie.fr est \u00e9dit\u00e9 par : Plume Conciergerie L\u00e9a Creyssels Conciergerie professionnelle sp\u00e9cialis\u00e9e en location courte dur\u00e9e, g\u00eetes et r\u00e9sidences secondaires en Aveyron et Loz\u00e8re. Bas\u00e9e \u00e0 S\u00e9v\u00e9rac d\u2019Aveyron (12150), France T\u00e9l\u00e9phone : 06 28 54 06 52 Email : contact@plumeconciergerie.fr \u00a0 Statut juridique : EI Plume [&hellip;]<\/p>\n","protected":false},"author":2,"featured_media":0,"parent":0,"menu_order":0,"comment_status":"closed","ping_status":"closed","template":"","meta":{"footnotes":""},"class_list":["post-1962","page","type-page","status-publish","hentry"],"yoast_head":"<!-- This site is optimized with the Yoast SEO plugin v27.3 - https:\/\/yoast.com\/product\/yoast-seo-wordpress\/ -->\n<title>Mentions l\u00e9gales - Plume Conciergerie<\/title>\n<meta name=\"robots\" content=\"index, follow, max-snippet:-1, max-image-preview:large, max-video-preview:-1\" \/>\n<link rel=\"canonical\" href=\"https:\/\/plumeconciergerie.fr\/index.php\/mentions-legales\/\" \/>\n<meta property=\"og:locale\" content=\"fr_FR\" \/>\n<meta property=\"og:type\" content=\"article\" \/>\n<meta property=\"og:title\" content=\"Mentions l\u00e9gales - Plume Conciergerie\" \/>\n<meta property=\"og:description\" content=\"Mentions l\u00e9gales 1. \u00c9diteur du site Le pr\u00e9sent site www.plumeconciergerie.fr est \u00e9dit\u00e9 par : Plume Conciergerie L\u00e9a Creyssels Conciergerie professionnelle sp\u00e9cialis\u00e9e en location courte dur\u00e9e, g\u00eetes et r\u00e9sidences secondaires en Aveyron et Loz\u00e8re. Bas\u00e9e \u00e0 S\u00e9v\u00e9rac d\u2019Aveyron (12150), France T\u00e9l\u00e9phone : 06 28 54 06 52 Email : contact@plumeconciergerie.fr \u00a0 Statut juridique : EI Plume [&hellip;]\" \/>\n<meta property=\"og:url\" content=\"https:\/\/plumeconciergerie.fr\/index.php\/mentions-legales\/\" \/>\n<meta property=\"og:site_name\" content=\"Plume Conciergerie\" \/>\n<meta property=\"article:publisher\" content=\"https:\/\/www.facebook.com\/profile.php?id=61585924659357\" \/>\n<meta property=\"article:modified_time\" content=\"2026-02-16T09:01:15+00:00\" \/>\n<meta name=\"twitter:card\" content=\"summary_large_image\" \/>\n<meta name=\"twitter:label1\" content=\"Dur\u00e9e de lecture estim\u00e9e\" \/>\n\t<meta name=\"twitter:data1\" content=\"2 minutes\" \/>\n<script type=\"application\/ld+json\" class=\"yoast-schema-graph\">{\"@context\":\"https:\\\/\\\/schema.org\",\"@graph\":[{\"@type\":\"WebPage\",\"@id\":\"https:\\\/\\\/plumeconciergerie.fr\\\/index.php\\\/mentions-legales\\\/\",\"url\":\"https:\\\/\\\/plumeconciergerie.fr\\\/index.php\\\/mentions-legales\\\/\",\"name\":\"Mentions l\u00e9gales - Plume Conciergerie\",\"isPartOf\":{\"@id\":\"http:\\\/\\\/plumeconciergerie.fr\\\/#website\"},\"datePublished\":\"2026-02-16T08:54:39+00:00\",\"dateModified\":\"2026-02-16T09:01:15+00:00\",\"breadcrumb\":{\"@id\":\"https:\\\/\\\/plumeconciergerie.fr\\\/index.php\\\/mentions-legales\\\/#breadcrumb\"},\"inLanguage\":\"fr-FR\",\"potentialAction\":[{\"@type\":\"ReadAction\",\"target\":[\"https:\\\/\\\/plumeconciergerie.fr\\\/index.php\\\/mentions-legales\\\/\"]}]},{\"@type\":\"BreadcrumbList\",\"@id\":\"https:\\\/\\\/plumeconciergerie.fr\\\/index.php\\\/mentions-legales\\\/#breadcrumb\",\"itemListElement\":[{\"@type\":\"ListItem\",\"position\":1,\"name\":\"Accueil\",\"item\":\"http:\\\/\\\/plumeconciergerie.fr\\\/\"},{\"@type\":\"ListItem\",\"position\":2,\"name\":\"Mentions l\u00e9gales\"}]},{\"@type\":\"WebSite\",\"@id\":\"http:\\\/\\\/plumeconciergerie.fr\\\/#website\",\"url\":\"http:\\\/\\\/plumeconciergerie.fr\\\/\",\"name\":\"Plume Conciergerie\",\"description\":\"\",\"publisher\":{\"@id\":\"http:\\\/\\\/plumeconciergerie.fr\\\/#organization\"},\"potentialAction\":[{\"@type\":\"SearchAction\",\"target\":{\"@type\":\"EntryPoint\",\"urlTemplate\":\"http:\\\/\\\/plumeconciergerie.fr\\\/?s={search_term_string}\"},\"query-input\":{\"@type\":\"PropertyValueSpecification\",\"valueRequired\":true,\"valueName\":\"search_term_string\"}}],\"inLanguage\":\"fr-FR\"},{\"@type\":\"Organization\",\"@id\":\"http:\\\/\\\/plumeconciergerie.fr\\\/#organization\",\"name\":\"Plume Conciergerie\",\"url\":\"http:\\\/\\\/plumeconciergerie.fr\\\/\",\"logo\":{\"@type\":\"ImageObject\",\"inLanguage\":\"fr-FR\",\"@id\":\"http:\\\/\\\/plumeconciergerie.fr\\\/#\\\/schema\\\/logo\\\/image\\\/\",\"url\":\"https:\\\/\\\/plumeconciergerie.fr\\\/wp-content\\\/uploads\\\/2025\\\/12\\\/Logo-e1768210402356.png\",\"contentUrl\":\"https:\\\/\\\/plumeconciergerie.fr\\\/wp-content\\\/uploads\\\/2025\\\/12\\\/Logo-e1768210402356.png\",\"width\":253,\"height\":119,\"caption\":\"Plume Conciergerie\"},\"image\":{\"@id\":\"http:\\\/\\\/plumeconciergerie.fr\\\/#\\\/schema\\\/logo\\\/image\\\/\"},\"sameAs\":[\"https:\\\/\\\/www.facebook.com\\\/profile.php?id=61585924659357\",\"https:\\\/\\\/www.instagram.com\\\/plume.conciergerie\\\/\"]}]}<\/script>\n<!-- \/ Yoast SEO plugin. -->","yoast_head_json":{"title":"Mentions l\u00e9gales - Plume Conciergerie","robots":{"index":"index","follow":"follow","max-snippet":"max-snippet:-1","max-image-preview":"max-image-preview:large","max-video-preview":"max-video-preview:-1"},"canonical":"https:\/\/plumeconciergerie.fr\/index.php\/mentions-legales\/","og_locale":"fr_FR","og_type":"article","og_title":"Mentions l\u00e9gales - Plume Conciergerie","og_description":"Mentions l\u00e9gales 1. \u00c9diteur du site Le pr\u00e9sent site www.plumeconciergerie.fr est \u00e9dit\u00e9 par : Plume Conciergerie L\u00e9a Creyssels Conciergerie professionnelle sp\u00e9cialis\u00e9e en location courte dur\u00e9e, g\u00eetes et r\u00e9sidences secondaires en Aveyron et Loz\u00e8re. Bas\u00e9e \u00e0 S\u00e9v\u00e9rac d\u2019Aveyron (12150), France T\u00e9l\u00e9phone : 06 28 54 06 52 Email : contact@plumeconciergerie.fr \u00a0 Statut juridique : EI Plume [&hellip;]","og_url":"https:\/\/plumeconciergerie.fr\/index.php\/mentions-legales\/","og_site_name":"Plume Conciergerie","article_publisher":"https:\/\/www.facebook.com\/profile.php?id=61585924659357","article_modified_time":"2026-02-16T09:01:15+00:00","twitter_card":"summary_large_image","twitter_misc":{"Dur\u00e9e de lecture estim\u00e9e":"2 minutes"},"schema":{"@context":"https:\/\/schema.org","@graph":[{"@type":"WebPage","@id":"https:\/\/plumeconciergerie.fr\/index.php\/mentions-legales\/","url":"https:\/\/plumeconciergerie.fr\/index.php\/mentions-legales\/","name":"Mentions l\u00e9gales - Plume Conciergerie","isPartOf":{"@id":"http:\/\/plumeconciergerie.fr\/#website"},"datePublished":"2026-02-16T08:54:39+00:00","dateModified":"2026-02-16T09:01:15+00:00","breadcrumb":{"@id":"https:\/\/plumeconciergerie.fr\/index.php\/mentions-legales\/#breadcrumb"},"inLanguage":"fr-FR","potentialAction":[{"@type":"ReadAction","target":["https:\/\/plumeconciergerie.fr\/index.php\/mentions-legales\/"]}]},{"@type":"BreadcrumbList","@id":"https:\/\/plumeconciergerie.fr\/index.php\/mentions-legales\/#breadcrumb","itemListElement":[{"@type":"ListItem","position":1,"name":"Accueil","item":"http:\/\/plumeconciergerie.fr\/"},{"@type":"ListItem","position":2,"name":"Mentions l\u00e9gales"}]},{"@type":"WebSite","@id":"http:\/\/plumeconciergerie.fr\/#website","url":"http:\/\/plumeconciergerie.fr\/","name":"Plume Conciergerie","description":"","publisher":{"@id":"http:\/\/plumeconciergerie.fr\/#organization"},"potentialAction":[{"@type":"SearchAction","target":{"@type":"EntryPoint","urlTemplate":"http:\/\/plumeconciergerie.fr\/?s={search_term_string}"},"query-input":{"@type":"PropertyValueSpecification","valueRequired":true,"valueName":"search_term_string"}}],"inLanguage":"fr-FR"},{"@type":"Organization","@id":"http:\/\/plumeconciergerie.fr\/#organization","name":"Plume Conciergerie","url":"http:\/\/plumeconciergerie.fr\/","logo":{"@type":"ImageObject","inLanguage":"fr-FR","@id":"http:\/\/plumeconciergerie.fr\/#\/schema\/logo\/image\/","url":"https:\/\/plumeconciergerie.fr\/wp-content\/uploads\/2025\/12\/Logo-e1768210402356.png","contentUrl":"https:\/\/plumeconciergerie.fr\/wp-content\/uploads\/2025\/12\/Logo-e1768210402356.png","width":253,"height":119,"caption":"Plume Conciergerie"},"image":{"@id":"http:\/\/plumeconciergerie.fr\/#\/schema\/logo\/image\/"},"sameAs":["https:\/\/www.facebook.com\/profile.php?id=61585924659357","https:\/\/www.instagram.com\/plume.conciergerie\/"]}]}},"_links":{"self":[{"href":"https:\/\/plumeconciergerie.fr\/index.php\/wp-json\/wp\/v2\/pages\/1962","targetHints":{"allow":["GET"]}}],"collection":[{"href":"https:\/\/plumeconciergerie.fr\/index.php\/wp-json\/wp\/v2\/pages"}],"about":[{"href":"https:\/\/plumeconciergerie.fr\/index.php\/wp-json\/wp\/v2\/types\/page"}],"author":[{"embeddable":true,"href":"https:\/\/plumeconciergerie.fr\/index.php\/wp-json\/wp\/v2\/users\/2"}],"replies":[{"embeddable":true,"href":"https:\/\/plumeconciergerie.fr\/index.php\/wp-json\/wp\/v2\/comments?post=1962"}],"version-history":[{"count":0,"href":"https:\/\/plumeconciergerie.fr\/index.php\/wp-json\/wp\/v2\/pages\/1962\/revisions"}],"wp:attachment":[{"href":"https:\/\/plumeconciergerie.fr\/index.php\/wp-json\/wp\/v2\/media?parent=1962"}],"curies":[{"name":"wp","href":"https:\/\/api.w.org\/{rel}","templated":true}]}}