{"id":62,"date":"2025-12-29T14:07:38","date_gmt":"2025-12-29T13:07:38","guid":{"rendered":"https:\/\/plumeconciergerie.fr\/?page_id=62"},"modified":"2026-03-30T21:12:25","modified_gmt":"2026-03-30T19:12:25","slug":"nos-actualites","status":"publish","type":"page","link":"https:\/\/plumeconciergerie.fr\/index.php\/nos-actualites\/","title":{"rendered":"Les actualit\u00e9s"},"content":{"rendered":"\t\t<div data-elementor-type=\"wp-page\" data-elementor-id=\"62\" class=\"elementor elementor-62\">\n\t\t\t\t<div class=\"elementor-element elementor-element-3bb2a253 e-con-full e-flex e-con e-parent\" data-id=\"3bb2a253\" data-element_type=\"container\" data-e-type=\"container\" data-settings=\"{&quot;background_background&quot;:&quot;classic&quot;,&quot;shape_divider_bottom&quot;:&quot;waves&quot;,&quot;shape_divider_bottom_negative&quot;:&quot;yes&quot;}\">\n\t\t\t\t<div class=\"elementor-shape elementor-shape-bottom\" aria-hidden=\"true\" data-negative=\"true\">\n\t\t\t<svg xmlns=\"http:\/\/www.w3.org\/2000\/svg\" viewBox=\"0 0 1000 100\" preserveAspectRatio=\"none\">\n\t<path class=\"elementor-shape-fill\" d=\"M790.5,93.1c-59.3-5.3-116.8-18-192.6-50c-29.6-12.7-76.9-31-100.5-35.9c-23.6-4.9-52.6-7.8-75.5-5.3\n\tc-10.2,1.1-22.6,1.4-50.1,7.4c-27.2,6.3-58.2,16.6-79.4,24.7c-41.3,15.9-94.9,21.9-134,22.6C72,58.2,0,25.8,0,25.8V100h1000V65.3\n\tc0,0-51.5,19.4-106.2,25.7C839.5,97,814.1,95.2,790.5,93.1z\"\/>\n<\/svg>\t\t<\/div>\n\t\t<div class=\"elementor-element elementor-element-bd41c13 e-con-full e-flex e-con e-child\" data-id=\"bd41c13\" data-element_type=\"container\" data-e-type=\"container\" data-settings=\"{&quot;background_background&quot;:&quot;classic&quot;}\">\n\t\t\t\t<\/div>\n\t\t<div class=\"elementor-element elementor-element-7a3e1968 e-con-full e-flex e-con e-child\" data-id=\"7a3e1968\" data-element_type=\"container\" data-e-type=\"container\">\n\t\t\t\t<div class=\"elementor-element elementor-element-5b366cea elementor-widget elementor-widget-heading\" data-id=\"5b366cea\" data-element_type=\"widget\" data-e-type=\"widget\" data-widget_type=\"heading.default\">\n\t\t\t\t\t<h1 class=\"elementor-heading-title elementor-size-default\">Les actualit\u00e9s de Plume<\/h1>\t\t\t\t<\/div>\n\t\t\t\t<div class=\"elementor-element elementor-element-d8e6388 elementor-widget elementor-widget-image\" data-id=\"d8e6388\" data-element_type=\"widget\" data-e-type=\"widget\" data-widget_type=\"image.default\">\n\t\t\t\t\t\t\t\t\t\t\t\t\t\t\t<img decoding=\"async\" width=\"248\" height=\"20\" src=\"https:\/\/plumeconciergerie.fr\/wp-content\/uploads\/2026\/02\/l10-e1770455590187.png\" class=\"attachment-large size-large wp-image-1394\" alt=\"\" \/>\t\t\t\t\t\t\t\t\t\t\t\t\t\t\t<\/div>\n\t\t\t\t<div class=\"elementor-element elementor-element-1c6f903b elementor-widget elementor-widget-text-editor\" data-id=\"1c6f903b\" data-element_type=\"widget\" data-e-type=\"widget\" data-widget_type=\"text-editor.default\">\n\t\t\t\t\t\t\t\t\t<p>Retrouvez des conseils pratiques, retours d\u2019exp\u00e9rience et informations utiles sur la location courte dur\u00e9e et le tourisme en Aveyron &amp; Loz\u00e8re.<\/p>\t\t\t\t\t\t\t\t<\/div>\n\t\t\t\t<\/div>\n\t\t\t\t<\/div>\n\t\t<div class=\"elementor-element elementor-element-1c70ff75 e-flex e-con-boxed e-con e-parent\" data-id=\"1c70ff75\" data-element_type=\"container\" data-e-type=\"container\">\n\t\t\t\t\t<div class=\"e-con-inner\">\n\t\t\t\t<div class=\"elementor-element elementor-element-1c31cd73 elementor-widget elementor-widget-image\" data-id=\"1c31cd73\" data-element_type=\"widget\" data-e-type=\"widget\" data-widget_type=\"image.default\">\n\t\t\t\t\t\t\t\t\t\t\t\t\t\t\t<img fetchpriority=\"high\" decoding=\"async\" width=\"480\" height=\"480\" src=\"https:\/\/plumeconciergerie.fr\/wp-content\/uploads\/2025\/12\/Favicon.png\" class=\"attachment-large size-large wp-image-202\" alt=\"\" srcset=\"https:\/\/plumeconciergerie.fr\/wp-content\/uploads\/2025\/12\/Favicon.png 480w, https:\/\/plumeconciergerie.fr\/wp-content\/uploads\/2025\/12\/Favicon-300x300.png 300w, https:\/\/plumeconciergerie.fr\/wp-content\/uploads\/2025\/12\/Favicon-150x150.png 150w\" sizes=\"(max-width: 480px) 100vw, 480px\" \/>\t\t\t\t\t\t\t\t\t\t\t\t\t\t\t<\/div>\n\t\t\t\t<div class=\"elementor-element elementor-element-1e43c262 elementor-widget elementor-widget-heading\" data-id=\"1e43c262\" data-element_type=\"widget\" data-e-type=\"widget\" data-widget_type=\"heading.default\">\n\t\t\t\t\t<h2 class=\"elementor-heading-title elementor-size-default\">Tous nos articles<\/h2>\t\t\t\t<\/div>\n\t\t\t\t<div class=\"elementor-element elementor-element-2920f345 elementor-widget elementor-widget-heading\" data-id=\"2920f345\" data-element_type=\"widget\" data-e-type=\"widget\" data-widget_type=\"heading.default\">\n\t\t\t\t\t<p class=\"elementor-heading-title elementor-size-default\">r\u00e9dig\u00e9s par L\u00e9a \u2013 Plume Conciergerie<\/p>\t\t\t\t<\/div>\n\t\t\t\t\t<\/div>\n\t\t\t\t<\/div>\n\t\t<div class=\"elementor-element elementor-element-69de0d9 e-flex e-con-boxed e-con e-parent\" data-id=\"69de0d9\" data-element_type=\"container\" data-e-type=\"container\">\n\t\t\t\t\t<div class=\"e-con-inner\">\n\t\t<div class=\"elementor-element elementor-element-5886238 e-con-full e-flex e-con e-child\" data-id=\"5886238\" data-element_type=\"container\" data-e-type=\"container\">\n\t\t\t\t<div class=\"elementor-element elementor-element-67e7073 elementor-invisible elementor-widget elementor-widget-hfe-basic-posts\" data-id=\"67e7073\" data-element_type=\"widget\" data-e-type=\"widget\" data-settings=\"{&quot;_animation&quot;:&quot;fadeIn&quot;}\" data-widget_type=\"hfe-basic-posts.default\">\n\t\t\t\t<div class=\"elementor-widget-container\">\n\t\t\t\t\t\n<div class=\"hfe-posts-grid\">\n\t\t\t<article class=\"hfe-post-card\">\n\t\t\t\t\t\t\t<div class=\"hfe-post-image\">\n\t\t\t\t\t<a href=\"https:\/\/plumeconciergerie.fr\/index.php\/2026\/02\/16\/pourquoi-confier-son-bien-a-une-conciergerie\/\" rel=\"bookmark\">\n\t\t\t\t\t\t<img loading=\"lazy\" decoding=\"async\" width=\"1920\" height=\"1280\" src=\"https:\/\/plumeconciergerie.fr\/wp-content\/uploads\/2026\/01\/personne-dans-la-chambre-avec-decor-de-lit.jpg\" class=\"attachment-full size-full wp-post-image\" alt=\"Pourquoi confier son bien \u00e0 une conciergerie ?\" loading=\"lazy\" srcset=\"https:\/\/plumeconciergerie.fr\/wp-content\/uploads\/2026\/01\/personne-dans-la-chambre-avec-decor-de-lit.jpg 1920w, https:\/\/plumeconciergerie.fr\/wp-content\/uploads\/2026\/01\/personne-dans-la-chambre-avec-decor-de-lit-300x200.jpg 300w, https:\/\/plumeconciergerie.fr\/wp-content\/uploads\/2026\/01\/personne-dans-la-chambre-avec-decor-de-lit-1024x683.jpg 1024w, https:\/\/plumeconciergerie.fr\/wp-content\/uploads\/2026\/01\/personne-dans-la-chambre-avec-decor-de-lit-768x512.jpg 768w, https:\/\/plumeconciergerie.fr\/wp-content\/uploads\/2026\/01\/personne-dans-la-chambre-avec-decor-de-lit-1536x1024.jpg 1536w\" sizes=\"auto, (max-width: 1920px) 100vw, 1920px\" \/>\t\t\t\t\t<\/a>\n\t\t\t\t<\/div>\n\t\t\t\n\t\t\t<div class=\"hfe-post-content\">\n\t\t\t\t\t\t\t\t\t<h3 class=\"hfe-post-title\">\n\t\t\t\t\t\t<a href=\"https:\/\/plumeconciergerie.fr\/index.php\/2026\/02\/16\/pourquoi-confier-son-bien-a-une-conciergerie\/\" rel=\"bookmark\">\n\t\t\t\t\t\t\tPourquoi confier son bien \u00e0 une conciergerie ?\t\t\t\t\t\t<\/a>\n\t\t\t\t\t<\/h3>\n\t\t\t\t\n\t\t\t\t\t\t\t\t\t<div class=\"hfe-post-meta\">\n\t\t\t\t\t\t\t\t\t\t\t<\/div>\n\t\t\t\t\n\t\t\t\t\t\t\t\t\t<div class=\"hfe-post-excerpt\">\n\t\t\t\t\t\tConfier votre bien \u00e0 une conciergerie sp\u00e9cialis\u00e9e comme Plume Conciergerie vous permet de louer en toute s\u00e9r\u00e9nit\u00e9, d\u2019optimiser vos revenus...\t\t\t\t\t<\/div>\n\t\t\t\t\n\t\t\t\t\t\t\t\t\t<a href=\"https:\/\/plumeconciergerie.fr\/index.php\/2026\/02\/16\/pourquoi-confier-son-bien-a-une-conciergerie\/\" class=\"hfe-read-more\" rel=\"bookmark\">\n\t\t\t\t\t\tEn savoir plus \u2192\t\t\t\t\t<\/a>\n\t\t\t\t\t\t\t<\/div>\n\t\t<\/article>\n\t\t\t\t<article class=\"hfe-post-card\">\n\t\t\t\t\t\t\t<div class=\"hfe-post-image\">\n\t\t\t\t\t<a href=\"https:\/\/plumeconciergerie.fr\/index.php\/2026\/01\/20\/conciergerie-et-location-courte-duree-les-nouvelles-attentes-des-voyageurs\/\" rel=\"bookmark\">\n\t\t\t\t\t\t<img loading=\"lazy\" decoding=\"async\" width=\"1920\" height=\"1280\" src=\"https:\/\/plumeconciergerie.fr\/wp-content\/uploads\/2026\/01\/landscape-4337546_1280.jpg\" class=\"attachment-full size-full wp-post-image\" alt=\"Que faire en Aveyron et en Loz\u00e8re ?\" loading=\"lazy\" srcset=\"https:\/\/plumeconciergerie.fr\/wp-content\/uploads\/2026\/01\/landscape-4337546_1280.jpg 1920w, https:\/\/plumeconciergerie.fr\/wp-content\/uploads\/2026\/01\/landscape-4337546_1280-300x200.jpg 300w, https:\/\/plumeconciergerie.fr\/wp-content\/uploads\/2026\/01\/landscape-4337546_1280-1024x683.jpg 1024w, https:\/\/plumeconciergerie.fr\/wp-content\/uploads\/2026\/01\/landscape-4337546_1280-768x512.jpg 768w, https:\/\/plumeconciergerie.fr\/wp-content\/uploads\/2026\/01\/landscape-4337546_1280-1536x1024.jpg 1536w\" sizes=\"auto, (max-width: 1920px) 100vw, 1920px\" \/>\t\t\t\t\t<\/a>\n\t\t\t\t<\/div>\n\t\t\t\n\t\t\t<div class=\"hfe-post-content\">\n\t\t\t\t\t\t\t\t\t<h3 class=\"hfe-post-title\">\n\t\t\t\t\t\t<a href=\"https:\/\/plumeconciergerie.fr\/index.php\/2026\/01\/20\/conciergerie-et-location-courte-duree-les-nouvelles-attentes-des-voyageurs\/\" rel=\"bookmark\">\n\t\t\t\t\t\t\tQue faire en Aveyron et en Loz\u00e8re ?\t\t\t\t\t\t<\/a>\n\t\t\t\t\t<\/h3>\n\t\t\t\t\n\t\t\t\t\t\t\t\t\t<div class=\"hfe-post-meta\">\n\t\t\t\t\t\t\t\t\t\t\t<\/div>\n\t\t\t\t\n\t\t\t\t\t\t\t\t\t<div class=\"hfe-post-excerpt\">\n\t\t\t\t\t\tVous pr\u00e9parez vos vacances en Aveyron ou en Loz\u00e8re et vous vous demandez que faire pendant\u00a0votre s\u00e9jour ? Entre nature...\t\t\t\t\t<\/div>\n\t\t\t\t\n\t\t\t\t\t\t\t\t\t<a href=\"https:\/\/plumeconciergerie.fr\/index.php\/2026\/01\/20\/conciergerie-et-location-courte-duree-les-nouvelles-attentes-des-voyageurs\/\" class=\"hfe-read-more\" rel=\"bookmark\">\n\t\t\t\t\t\tEn savoir plus \u2192\t\t\t\t\t<\/a>\n\t\t\t\t\t\t\t<\/div>\n\t\t<\/article>\n\t\t\t\t<article class=\"hfe-post-card\">\n\t\t\t\t\t\t\t<div class=\"hfe-post-image\">\n\t\t\t\t\t<a href=\"https:\/\/plumeconciergerie.fr\/index.php\/2026\/01\/20\/quelles-evolutions-pour-les-services-de-conciergerie-en-2025\/\" rel=\"bookmark\">\n\t\t\t\t\t\t<img loading=\"lazy\" decoding=\"async\" width=\"1920\" height=\"1280\" src=\"https:\/\/plumeconciergerie.fr\/wp-content\/uploads\/2026\/01\/Design-sans-titre.png\" class=\"attachment-full size-full wp-post-image\" alt=\"Tout savoir sur la location courte dur\u00e9e pour les propri\u00e9taires\" loading=\"lazy\" srcset=\"https:\/\/plumeconciergerie.fr\/wp-content\/uploads\/2026\/01\/Design-sans-titre.png 1920w, https:\/\/plumeconciergerie.fr\/wp-content\/uploads\/2026\/01\/Design-sans-titre-300x200.png 300w, https:\/\/plumeconciergerie.fr\/wp-content\/uploads\/2026\/01\/Design-sans-titre-1024x683.png 1024w, https:\/\/plumeconciergerie.fr\/wp-content\/uploads\/2026\/01\/Design-sans-titre-768x512.png 768w, https:\/\/plumeconciergerie.fr\/wp-content\/uploads\/2026\/01\/Design-sans-titre-1536x1024.png 1536w\" sizes=\"auto, (max-width: 1920px) 100vw, 1920px\" \/>\t\t\t\t\t<\/a>\n\t\t\t\t<\/div>\n\t\t\t\n\t\t\t<div class=\"hfe-post-content\">\n\t\t\t\t\t\t\t\t\t<h3 class=\"hfe-post-title\">\n\t\t\t\t\t\t<a href=\"https:\/\/plumeconciergerie.fr\/index.php\/2026\/01\/20\/quelles-evolutions-pour-les-services-de-conciergerie-en-2025\/\" rel=\"bookmark\">\n\t\t\t\t\t\t\tTout savoir sur la location courte dur\u00e9e pour les propri\u00e9taires\t\t\t\t\t\t<\/a>\n\t\t\t\t\t<\/h3>\n\t\t\t\t\n\t\t\t\t\t\t\t\t\t<div class=\"hfe-post-meta\">\n\t\t\t\t\t\t\t\t\t\t\t<\/div>\n\t\t\t\t\n\t\t\t\t\t\t\t\t\t<div class=\"hfe-post-excerpt\">\n\t\t\t\t\t\tVous \u00eates propri\u00e9taire d\u2019un g\u00eete, d\u2019une maison secondaire ou d\u2019un appartement touristique en Aveyron ou Loz\u00e8re ? La location courte...\t\t\t\t\t<\/div>\n\t\t\t\t\n\t\t\t\t\t\t\t\t\t<a href=\"https:\/\/plumeconciergerie.fr\/index.php\/2026\/01\/20\/quelles-evolutions-pour-les-services-de-conciergerie-en-2025\/\" class=\"hfe-read-more\" rel=\"bookmark\">\n\t\t\t\t\t\tEn savoir plus \u2192\t\t\t\t\t<\/a>\n\t\t\t\t\t\t\t<\/div>\n\t\t<\/article>\n\t\t<\/div>\n\t\t\t\t<\/div>\n\t\t\t\t<\/div>\n\t\t\t\t<\/div>\n\t\t\t\t\t<\/div>\n\t\t\t\t<\/div>\n\t\t\t\t<\/div>\n\t\t","protected":false},"excerpt":{"rendered":"<p>Les actualit\u00e9s de Plume Retrouvez des conseils pratiques, retours d\u2019exp\u00e9rience et informations utiles sur la location courte dur\u00e9e et le tourisme en Aveyron &amp; Loz\u00e8re. Tous nos articles r\u00e9dig\u00e9s par L\u00e9a \u2013 Plume Conciergerie Pourquoi confier son bien \u00e0 une conciergerie ? Confier votre bien \u00e0 une conciergerie sp\u00e9cialis\u00e9e comme Plume Conciergerie vous permet de [&hellip;]<\/p>\n","protected":false},"author":2,"featured_media":0,"parent":0,"menu_order":0,"comment_status":"closed","ping_status":"closed","template":"","meta":{"footnotes":""},"class_list":["post-62","page","type-page","status-publish","hentry"],"yoast_head":"<!-- This site is optimized with the Yoast SEO plugin v27.3 - https:\/\/yoast.com\/product\/yoast-seo-wordpress\/ -->\n<title>Les actualit\u00e9s - Plume Conciergerie<\/title>\n<meta name=\"robots\" content=\"index, follow, max-snippet:-1, max-image-preview:large, max-video-preview:-1\" \/>\n<link rel=\"canonical\" href=\"https:\/\/plumeconciergerie.fr\/index.php\/nos-actualites\/\" \/>\n<meta property=\"og:locale\" content=\"fr_FR\" \/>\n<meta property=\"og:type\" content=\"article\" \/>\n<meta property=\"og:title\" content=\"Les actualit\u00e9s - Plume Conciergerie\" \/>\n<meta property=\"og:description\" content=\"Les actualit\u00e9s de Plume Retrouvez des conseils pratiques, retours d\u2019exp\u00e9rience et informations utiles sur la location courte dur\u00e9e et le tourisme en Aveyron &amp; Loz\u00e8re. Tous nos articles r\u00e9dig\u00e9s par L\u00e9a \u2013 Plume Conciergerie Pourquoi confier son bien \u00e0 une conciergerie ? Confier votre bien \u00e0 une conciergerie sp\u00e9cialis\u00e9e comme Plume Conciergerie vous permet de [&hellip;]\" \/>\n<meta property=\"og:url\" content=\"https:\/\/plumeconciergerie.fr\/index.php\/nos-actualites\/\" \/>\n<meta property=\"og:site_name\" content=\"Plume Conciergerie\" \/>\n<meta property=\"article:publisher\" content=\"https:\/\/www.facebook.com\/profile.php?id=61585924659357\" \/>\n<meta property=\"article:modified_time\" content=\"2026-03-30T19:12:25+00:00\" \/>\n<meta property=\"og:image\" content=\"http:\/\/plumeconciergerie.fr\/wp-content\/uploads\/2026\/02\/l10-e1770455590187.png\" \/>\n<meta name=\"twitter:card\" content=\"summary_large_image\" \/>\n<meta name=\"twitter:label1\" content=\"Dur\u00e9e de lecture estim\u00e9e\" \/>\n\t<meta name=\"twitter:data1\" content=\"2 minutes\" \/>\n<script type=\"application\/ld+json\" class=\"yoast-schema-graph\">{\"@context\":\"https:\\\/\\\/schema.org\",\"@graph\":[{\"@type\":\"WebPage\",\"@id\":\"https:\\\/\\\/plumeconciergerie.fr\\\/index.php\\\/nos-actualites\\\/\",\"url\":\"https:\\\/\\\/plumeconciergerie.fr\\\/index.php\\\/nos-actualites\\\/\",\"name\":\"Les actualit\u00e9s - Plume Conciergerie\",\"isPartOf\":{\"@id\":\"http:\\\/\\\/plumeconciergerie.fr\\\/#website\"},\"primaryImageOfPage\":{\"@id\":\"https:\\\/\\\/plumeconciergerie.fr\\\/index.php\\\/nos-actualites\\\/#primaryimage\"},\"image\":{\"@id\":\"https:\\\/\\\/plumeconciergerie.fr\\\/index.php\\\/nos-actualites\\\/#primaryimage\"},\"thumbnailUrl\":\"http:\\\/\\\/plumeconciergerie.fr\\\/wp-content\\\/uploads\\\/2026\\\/02\\\/l10-e1770455590187.png\",\"datePublished\":\"2025-12-29T13:07:38+00:00\",\"dateModified\":\"2026-03-30T19:12:25+00:00\",\"breadcrumb\":{\"@id\":\"https:\\\/\\\/plumeconciergerie.fr\\\/index.php\\\/nos-actualites\\\/#breadcrumb\"},\"inLanguage\":\"fr-FR\",\"potentialAction\":[{\"@type\":\"ReadAction\",\"target\":[\"https:\\\/\\\/plumeconciergerie.fr\\\/index.php\\\/nos-actualites\\\/\"]}]},{\"@type\":\"ImageObject\",\"inLanguage\":\"fr-FR\",\"@id\":\"https:\\\/\\\/plumeconciergerie.fr\\\/index.php\\\/nos-actualites\\\/#primaryimage\",\"url\":\"https:\\\/\\\/plumeconciergerie.fr\\\/wp-content\\\/uploads\\\/2026\\\/02\\\/l10-e1770455590187.png\",\"contentUrl\":\"https:\\\/\\\/plumeconciergerie.fr\\\/wp-content\\\/uploads\\\/2026\\\/02\\\/l10-e1770455590187.png\",\"width\":248,\"height\":20},{\"@type\":\"BreadcrumbList\",\"@id\":\"https:\\\/\\\/plumeconciergerie.fr\\\/index.php\\\/nos-actualites\\\/#breadcrumb\",\"itemListElement\":[{\"@type\":\"ListItem\",\"position\":1,\"name\":\"Accueil\",\"item\":\"http:\\\/\\\/plumeconciergerie.fr\\\/\"},{\"@type\":\"ListItem\",\"position\":2,\"name\":\"Les actualit\u00e9s\"}]},{\"@type\":\"WebSite\",\"@id\":\"http:\\\/\\\/plumeconciergerie.fr\\\/#website\",\"url\":\"http:\\\/\\\/plumeconciergerie.fr\\\/\",\"name\":\"Plume Conciergerie\",\"description\":\"\",\"publisher\":{\"@id\":\"http:\\\/\\\/plumeconciergerie.fr\\\/#organization\"},\"potentialAction\":[{\"@type\":\"SearchAction\",\"target\":{\"@type\":\"EntryPoint\",\"urlTemplate\":\"http:\\\/\\\/plumeconciergerie.fr\\\/?s={search_term_string}\"},\"query-input\":{\"@type\":\"PropertyValueSpecification\",\"valueRequired\":true,\"valueName\":\"search_term_string\"}}],\"inLanguage\":\"fr-FR\"},{\"@type\":\"Organization\",\"@id\":\"http:\\\/\\\/plumeconciergerie.fr\\\/#organization\",\"name\":\"Plume Conciergerie\",\"url\":\"http:\\\/\\\/plumeconciergerie.fr\\\/\",\"logo\":{\"@type\":\"ImageObject\",\"inLanguage\":\"fr-FR\",\"@id\":\"http:\\\/\\\/plumeconciergerie.fr\\\/#\\\/schema\\\/logo\\\/image\\\/\",\"url\":\"https:\\\/\\\/plumeconciergerie.fr\\\/wp-content\\\/uploads\\\/2025\\\/12\\\/Logo-e1768210402356.png\",\"contentUrl\":\"https:\\\/\\\/plumeconciergerie.fr\\\/wp-content\\\/uploads\\\/2025\\\/12\\\/Logo-e1768210402356.png\",\"width\":253,\"height\":119,\"caption\":\"Plume Conciergerie\"},\"image\":{\"@id\":\"http:\\\/\\\/plumeconciergerie.fr\\\/#\\\/schema\\\/logo\\\/image\\\/\"},\"sameAs\":[\"https:\\\/\\\/www.facebook.com\\\/profile.php?id=61585924659357\",\"https:\\\/\\\/www.instagram.com\\\/plume.conciergerie\\\/\"]}]}<\/script>\n<!-- \/ Yoast SEO plugin. -->","yoast_head_json":{"title":"Les actualit\u00e9s - Plume Conciergerie","robots":{"index":"index","follow":"follow","max-snippet":"max-snippet:-1","max-image-preview":"max-image-preview:large","max-video-preview":"max-video-preview:-1"},"canonical":"https:\/\/plumeconciergerie.fr\/index.php\/nos-actualites\/","og_locale":"fr_FR","og_type":"article","og_title":"Les actualit\u00e9s - Plume Conciergerie","og_description":"Les actualit\u00e9s de Plume Retrouvez des conseils pratiques, retours d\u2019exp\u00e9rience et informations utiles sur la location courte dur\u00e9e et le tourisme en Aveyron &amp; Loz\u00e8re. Tous nos articles r\u00e9dig\u00e9s par L\u00e9a \u2013 Plume Conciergerie Pourquoi confier son bien \u00e0 une conciergerie ? Confier votre bien \u00e0 une conciergerie sp\u00e9cialis\u00e9e comme Plume Conciergerie vous permet de [&hellip;]","og_url":"https:\/\/plumeconciergerie.fr\/index.php\/nos-actualites\/","og_site_name":"Plume Conciergerie","article_publisher":"https:\/\/www.facebook.com\/profile.php?id=61585924659357","article_modified_time":"2026-03-30T19:12:25+00:00","og_image":[{"url":"http:\/\/plumeconciergerie.fr\/wp-content\/uploads\/2026\/02\/l10-e1770455590187.png","type":"","width":"","height":""}],"twitter_card":"summary_large_image","twitter_misc":{"Dur\u00e9e de lecture estim\u00e9e":"2 minutes"},"schema":{"@context":"https:\/\/schema.org","@graph":[{"@type":"WebPage","@id":"https:\/\/plumeconciergerie.fr\/index.php\/nos-actualites\/","url":"https:\/\/plumeconciergerie.fr\/index.php\/nos-actualites\/","name":"Les actualit\u00e9s - Plume Conciergerie","isPartOf":{"@id":"http:\/\/plumeconciergerie.fr\/#website"},"primaryImageOfPage":{"@id":"https:\/\/plumeconciergerie.fr\/index.php\/nos-actualites\/#primaryimage"},"image":{"@id":"https:\/\/plumeconciergerie.fr\/index.php\/nos-actualites\/#primaryimage"},"thumbnailUrl":"http:\/\/plumeconciergerie.fr\/wp-content\/uploads\/2026\/02\/l10-e1770455590187.png","datePublished":"2025-12-29T13:07:38+00:00","dateModified":"2026-03-30T19:12:25+00:00","breadcrumb":{"@id":"https:\/\/plumeconciergerie.fr\/index.php\/nos-actualites\/#breadcrumb"},"inLanguage":"fr-FR","potentialAction":[{"@type":"ReadAction","target":["https:\/\/plumeconciergerie.fr\/index.php\/nos-actualites\/"]}]},{"@type":"ImageObject","inLanguage":"fr-FR","@id":"https:\/\/plumeconciergerie.fr\/index.php\/nos-actualites\/#primaryimage","url":"https:\/\/plumeconciergerie.fr\/wp-content\/uploads\/2026\/02\/l10-e1770455590187.png","contentUrl":"https:\/\/plumeconciergerie.fr\/wp-content\/uploads\/2026\/02\/l10-e1770455590187.png","width":248,"height":20},{"@type":"BreadcrumbList","@id":"https:\/\/plumeconciergerie.fr\/index.php\/nos-actualites\/#breadcrumb","itemListElement":[{"@type":"ListItem","position":1,"name":"Accueil","item":"http:\/\/plumeconciergerie.fr\/"},{"@type":"ListItem","position":2,"name":"Les actualit\u00e9s"}]},{"@type":"WebSite","@id":"http:\/\/plumeconciergerie.fr\/#website","url":"http:\/\/plumeconciergerie.fr\/","name":"Plume Conciergerie","description":"","publisher":{"@id":"http:\/\/plumeconciergerie.fr\/#organization"},"potentialAction":[{"@type":"SearchAction","target":{"@type":"EntryPoint","urlTemplate":"http:\/\/plumeconciergerie.fr\/?s={search_term_string}"},"query-input":{"@type":"PropertyValueSpecification","valueRequired":true,"valueName":"search_term_string"}}],"inLanguage":"fr-FR"},{"@type":"Organization","@id":"http:\/\/plumeconciergerie.fr\/#organization","name":"Plume Conciergerie","url":"http:\/\/plumeconciergerie.fr\/","logo":{"@type":"ImageObject","inLanguage":"fr-FR","@id":"http:\/\/plumeconciergerie.fr\/#\/schema\/logo\/image\/","url":"https:\/\/plumeconciergerie.fr\/wp-content\/uploads\/2025\/12\/Logo-e1768210402356.png","contentUrl":"https:\/\/plumeconciergerie.fr\/wp-content\/uploads\/2025\/12\/Logo-e1768210402356.png","width":253,"height":119,"caption":"Plume Conciergerie"},"image":{"@id":"http:\/\/plumeconciergerie.fr\/#\/schema\/logo\/image\/"},"sameAs":["https:\/\/www.facebook.com\/profile.php?id=61585924659357","https:\/\/www.instagram.com\/plume.conciergerie\/"]}]}},"_links":{"self":[{"href":"https:\/\/plumeconciergerie.fr\/index.php\/wp-json\/wp\/v2\/pages\/62","targetHints":{"allow":["GET"]}}],"collection":[{"href":"https:\/\/plumeconciergerie.fr\/index.php\/wp-json\/wp\/v2\/pages"}],"about":[{"href":"https:\/\/plumeconciergerie.fr\/index.php\/wp-json\/wp\/v2\/types\/page"}],"author":[{"embeddable":true,"href":"https:\/\/plumeconciergerie.fr\/index.php\/wp-json\/wp\/v2\/users\/2"}],"replies":[{"embeddable":true,"href":"https:\/\/plumeconciergerie.fr\/index.php\/wp-json\/wp\/v2\/comments?post=62"}],"version-history":[{"count":3,"href":"https:\/\/plumeconciergerie.fr\/index.php\/wp-json\/wp\/v2\/pages\/62\/revisions"}],"predecessor-version":[{"id":2777,"href":"https:\/\/plumeconciergerie.fr\/index.php\/wp-json\/wp\/v2\/pages\/62\/revisions\/2777"}],"wp:attachment":[{"href":"https:\/\/plumeconciergerie.fr\/index.php\/wp-json\/wp\/v2\/media?parent=62"}],"curies":[{"name":"wp","href":"https:\/\/api.w.org\/{rel}","templated":true}]}}